{"id":2295,"date":"2026-01-25T19:55:33","date_gmt":"2026-01-25T19:55:33","guid":{"rendered":"https:\/\/starcoinwash.com\/?page_id=2295"},"modified":"2026-02-03T20:56:20","modified_gmt":"2026-02-03T20:56:20","slug":"faq","status":"publish","type":"page","link":"https:\/\/starcoinwash.com\/es\/faq\/","title":{"rendered":"Preguntas frecuentes"},"content":{"rendered":"<div data-elementor-type=\"wp-page\" data-elementor-id=\"2295\" class=\"elementor elementor-2295\" data-elementor-post-type=\"page\">\n\t\t\t\t<div class=\"elementor-element elementor-element-33e0ebcb e-flex e-con-boxed e-con e-parent\" data-id=\"33e0ebcb\" data-element_type=\"container\" data-settings=\"{&quot;background_background&quot;:&quot;classic&quot;,&quot;shape_divider_bottom&quot;:&quot;tilt&quot;,&quot;ekit_has_onepagescroll_dot&quot;:&quot;yes&quot;}\">\n\t\t\t\t\t<div class=\"e-con-inner\">\n\t\t\t\t<div class=\"elementor-shape elementor-shape-bottom\" aria-hidden=\"true\" data-negative=\"false\">\n\t\t\t<svg xmlns=\"http:\/\/www.w3.org\/2000\/svg\" viewbox=\"0 0 1000 100\" preserveaspectratio=\"none\">\n\t<path class=\"elementor-shape-fill\" d=\"M0,6V0h1000v100L0,6z\"\/>\n<\/svg>\t\t<\/div>\n\t\t\t\t<div class=\"elementor-element elementor-element-66b85e9c elementor-invisible elementor-widget elementor-widget-heading\" data-id=\"66b85e9c\" data-element_type=\"widget\" data-settings=\"{&quot;_animation&quot;:&quot;fadeInUp&quot;,&quot;ekit_we_effect_on&quot;:&quot;none&quot;}\" data-widget_type=\"heading.default\">\n\t\t\t\t<div class=\"elementor-widget-container\">\n\t\t\t\t\t<h2 class=\"elementor-heading-title elementor-size-default\">PREGUNTAS FRECUENTES<\/h2>\t\t\t\t<\/div>\n\t\t\t\t<\/div>\n\t\t\t\t<div class=\"elementor-element elementor-element-5e98c194 elementor-invisible elementor-widget elementor-widget-heading\" data-id=\"5e98c194\" data-element_type=\"widget\" data-settings=\"{&quot;_animation&quot;:&quot;fadeInUp&quot;,&quot;_animation_delay&quot;:200,&quot;ekit_we_effect_on&quot;:&quot;none&quot;}\" data-widget_type=\"heading.default\">\n\t\t\t\t<div class=\"elementor-widget-container\">\n\t\t\t\t\t<h1 class=\"elementor-heading-title elementor-size-default\">Informaci\u00f3n \u00fatil para su visita<\/h1>\t\t\t\t<\/div>\n\t\t\t\t<\/div>\n\t\t\t\t\t<\/div>\n\t\t\t\t<\/div>\n\t\t<div class=\"elementor-element elementor-element-5b8fcfb6 e-flex e-con-boxed e-con e-parent\" data-id=\"5b8fcfb6\" data-element_type=\"container\" id=\"FAQ\" data-settings=\"{&quot;background_background&quot;:&quot;classic&quot;,&quot;shape_divider_bottom&quot;:&quot;tilt&quot;,&quot;ekit_has_onepagescroll_dot&quot;:&quot;yes&quot;}\">\n\t\t\t\t\t<div class=\"e-con-inner\">\n\t\t\t\t<div class=\"elementor-shape elementor-shape-bottom\" aria-hidden=\"true\" data-negative=\"false\">\n\t\t\t<svg xmlns=\"http:\/\/www.w3.org\/2000\/svg\" viewbox=\"0 0 1000 100\" preserveaspectratio=\"none\">\n\t<path class=\"elementor-shape-fill\" d=\"M0,6V0h1000v100L0,6z\"\/>\n<\/svg>\t\t<\/div>\n\t\t<div class=\"elementor-element elementor-element-64ada387 e-con-full e-flex e-con e-child\" data-id=\"64ada387\" data-element_type=\"container\" data-settings=\"{&quot;background_background&quot;:&quot;classic&quot;,&quot;ekit_has_onepagescroll_dot&quot;:&quot;yes&quot;}\">\n\t\t<div class=\"elementor-element elementor-element-26908842 e-con-full e-flex e-con e-child\" data-id=\"26908842\" data-element_type=\"container\" data-settings=\"{&quot;ekit_has_onepagescroll_dot&quot;:&quot;yes&quot;}\">\n\t\t<div class=\"elementor-element elementor-element-46d92103 e-con-full e-flex e-con e-child\" data-id=\"46d92103\" data-element_type=\"container\" data-settings=\"{&quot;ekit_has_onepagescroll_dot&quot;:&quot;yes&quot;}\">\n\t\t\t\t<div class=\"elementor-element elementor-element-1f17d324 elementor-invisible elementor-widget elementor-widget-heading\" data-id=\"1f17d324\" data-element_type=\"widget\" data-settings=\"{&quot;_animation&quot;:&quot;fadeInUp&quot;,&quot;_animation_delay&quot;:200,&quot;ekit_we_effect_on&quot;:&quot;none&quot;}\" data-widget_type=\"heading.default\">\n\t\t\t\t<div class=\"elementor-widget-container\">\n\t\t\t\t\t<h3 class=\"elementor-heading-title elementor-size-default\">Preguntas frecuentes<\/h3>\t\t\t\t<\/div>\n\t\t\t\t<\/div>\n\t\t\t\t<div class=\"elementor-element elementor-element-4dd35a2d elementor-widget__width-initial elementor-widget elementor-widget-text-editor\" data-id=\"4dd35a2d\" data-element_type=\"widget\" data-settings=\"{&quot;ekit_we_effect_on&quot;:&quot;none&quot;}\" data-widget_type=\"text-editor.default\">\n\t\t\t\t<div class=\"elementor-widget-container\">\n\t\t\t\t\t\t\t\t\t<p>Encuentre respuestas r\u00e1pidas a las preguntas m\u00e1s frecuentes sobre nuestras instalaciones de lavander\u00eda de autoservicio. Ya sea que tenga curiosidad sobre nuestro horario de atenci\u00f3n, las comodidades disponibles o c\u00f3mo aprovechar al m\u00e1ximo su visita, estamos aqu\u00ed para ayudarle. Para obtener informaci\u00f3n m\u00e1s detallada, consulte las preguntas frecuentes a continuaci\u00f3n.<\/p>\t\t\t\t\t\t\t\t<\/div>\n\t\t\t\t<\/div>\n\t\t\t\t<\/div>\n\t\t\t\t<\/div>\n\t\t<div class=\"elementor-element elementor-element-4509eecd e-con-full e-flex e-con e-child\" data-id=\"4509eecd\" data-element_type=\"container\" data-settings=\"{&quot;ekit_has_onepagescroll_dot&quot;:&quot;yes&quot;}\">\n\t\t\t\t<div class=\"elementor-element elementor-element-601b64ed elementor-widget__width-initial elementor-widget-mobile__width-inherit elementor-widget elementor-widget-elementskit-accordion\" data-id=\"601b64ed\" data-element_type=\"widget\" data-settings=\"{&quot;ekit_we_effect_on&quot;:&quot;none&quot;}\" data-widget_type=\"elementskit-accordion.default\">\n\t\t\t\t<div class=\"elementor-widget-container\">\n\t\t\t\t\t<div class=\"ekit-wid-con\" >\n        <div class=\"elementskit-accordion accoedion-primary\" id=\"accordion-69ea53f7bcea0\">\n\n            \n                <div class=\"elementskit-card active\">\n                    <div class=\"elementskit-card-header\" id=\"primaryHeading-0-601b64ed\">\n                        <a href=\"#collapse-f32abd069ea53f7bcea0\" class=\"ekit-accordion--toggler elementskit-btn-link collapsed\" data-ekit-toggle=\"collapse\" data-target=\"#Collapse-f32abd069ea53f7bcea0\" aria-expanded=\"true\" aria-controls=\"Collapse-f32abd069ea53f7bcea0\">\n                            \n                            <span class=\"ekit-accordion-title\">\u00bfQu\u00e9 m\u00e9todos de pago se aceptan?<\/span>\n\n                            \n                                <div class=\"ekit_accordion_icon_group\">\n                                    <div class=\"ekit_accordion_normal_icon\">\n                                        <!-- Normal Icon -->\n\t\t\t\t\t\t\t\t\t\t<i class=\"icon icon-down-arrow1\"><\/i>                                    <\/div>\n\n                                    <div class=\"ekit_accordion_active_icon\">\n                                        <!-- Active Icon -->\n\t\t\t\t\t\t\t\t\t\t<i class=\"icon icon-up-arrow1\"><\/i>                                    <\/div>\n                                <\/div>\n\n                            \n                                                    <\/a>\n                    <\/div>\n\n                    <div id=\"Collapse-f32abd069ea53f7bcea0\" class=\"show collapse\" aria-labelledby=\"primaryHeading-0-601b64ed\" data-parent=\"#accordion-69ea53f7bcea0\">\n\n                        <div class=\"elementskit-card-body ekit-accordion--content\">\n                            <p>Todas las m\u00e1quinas aceptan tarjetas de d\u00e9bito, tarjetas de cr\u00e9dito y efectivo, brind\u00e1ndole opciones de pago flexibles y convenientes.<\/p>                        <\/div>\n\n                    <\/div>\n\n                <\/div><!-- .elementskit-card END -->\n\n                \n                <div class=\"elementskit-card\">\n                    <div class=\"elementskit-card-header\" id=\"primaryHeading-1-601b64ed\">\n                        <a href=\"#collapse-531823069ea53f7bcea0\" class=\"ekit-accordion--toggler elementskit-btn-link collapsed\" data-ekit-toggle=\"collapse\" data-target=\"#Collapse-531823069ea53f7bcea0\" aria-expanded=\"false\" aria-controls=\"Collapse-531823069ea53f7bcea0\">\n                            \n                            <span class=\"ekit-accordion-title\">\u00bfCu\u00e1l es su horario de atenci\u00f3n?<\/span>\n\n                            \n                                <div class=\"ekit_accordion_icon_group\">\n                                    <div class=\"ekit_accordion_normal_icon\">\n                                        <!-- Normal Icon -->\n\t\t\t\t\t\t\t\t\t\t<i class=\"icon icon-down-arrow1\"><\/i>                                    <\/div>\n\n                                    <div class=\"ekit_accordion_active_icon\">\n                                        <!-- Active Icon -->\n\t\t\t\t\t\t\t\t\t\t<i class=\"icon icon-up-arrow1\"><\/i>                                    <\/div>\n                                <\/div>\n\n                            \n                                                    <\/a>\n                    <\/div>\n\n                    <div id=\"Collapse-531823069ea53f7bcea0\" class=\"collapse\" aria-labelledby=\"primaryHeading-1-601b64ed\" data-parent=\"#accordion-69ea53f7bcea0\">\n\n                        <div class=\"elementskit-card-body ekit-accordion--content\">\n                            <p>Star Coin Wash est\u00e1 abierto <strong>7AM a 10PM<\/strong>,lo que le permite lavar su ropa cuando mejor se adapte a su horario.<\/p>                        <\/div>\n\n                    <\/div>\n\n                <\/div><!-- .elementskit-card END -->\n\n                \n                <div class=\"elementskit-card\">\n                    <div class=\"elementskit-card-header\" id=\"primaryHeading-2-601b64ed\">\n                        <a href=\"#collapse-dd685f869ea53f7bcea0\" class=\"ekit-accordion--toggler elementskit-btn-link collapsed\" data-ekit-toggle=\"collapse\" data-target=\"#Collapse-dd685f869ea53f7bcea0\" aria-expanded=\"false\" aria-controls=\"Collapse-dd685f869ea53f7bcea0\">\n                            \n                            <span class=\"ekit-accordion-title\">\u00bfTienen m\u00e1quinas para cargas grandes o voluminosas?<\/span>\n\n                            \n                                <div class=\"ekit_accordion_icon_group\">\n                                    <div class=\"ekit_accordion_normal_icon\">\n                                        <!-- Normal Icon -->\n\t\t\t\t\t\t\t\t\t\t<i class=\"icon icon-down-arrow1\"><\/i>                                    <\/div>\n\n                                    <div class=\"ekit_accordion_active_icon\">\n                                        <!-- Active Icon -->\n\t\t\t\t\t\t\t\t\t\t<i class=\"icon icon-up-arrow1\"><\/i>                                    <\/div>\n                                <\/div>\n\n                            \n                                                    <\/a>\n                    <\/div>\n\n                    <div id=\"Collapse-dd685f869ea53f7bcea0\" class=\"collapse\" aria-labelledby=\"primaryHeading-2-601b64ed\" data-parent=\"#accordion-69ea53f7bcea0\">\n\n                        <div class=\"elementskit-card-body ekit-accordion--content\">\n                            <p>S\u00ed. Nuestras lavadoras y secadoras est\u00e1n dise\u00f1adas para manejar eficientemente tanto la ropa diaria como cargas m\u00e1s grandes o voluminosas.<\/p>                        <\/div>\n\n                    <\/div>\n\n                <\/div><!-- .elementskit-card END -->\n\n                                        <\/div>\n    <\/div>\t\t\t\t<\/div>\n\t\t\t\t<\/div>\n\t\t\t\t<div class=\"elementor-element elementor-element-223ed87a elementor-widget__width-initial elementor-widget-mobile__width-inherit elementor-widget elementor-widget-elementskit-accordion\" data-id=\"223ed87a\" data-element_type=\"widget\" data-settings=\"{&quot;ekit_we_effect_on&quot;:&quot;none&quot;}\" data-widget_type=\"elementskit-accordion.default\">\n\t\t\t\t<div class=\"elementor-widget-container\">\n\t\t\t\t\t<div class=\"ekit-wid-con\" >\n        <div class=\"elementskit-accordion accoedion-primary\" id=\"accordion-69ea53f7bd69a\">\n\n            \n                <div class=\"elementskit-card active\">\n                    <div class=\"elementskit-card-header\" id=\"primaryHeading-0-223ed87a\">\n                        <a href=\"#collapse-f32abd069ea53f7bd69a\" class=\"ekit-accordion--toggler elementskit-btn-link collapsed\" data-ekit-toggle=\"collapse\" data-target=\"#Collapse-f32abd069ea53f7bd69a\" aria-expanded=\"true\" aria-controls=\"Collapse-f32abd069ea53f7bd69a\">\n                            \n                            <span class=\"ekit-accordion-title\">\u00bfQu\u00e9 servicios ofrece Star Coin Wash?<\/span>\n\n                            \n                                <div class=\"ekit_accordion_icon_group\">\n                                    <div class=\"ekit_accordion_normal_icon\">\n                                        <!-- Normal Icon -->\n\t\t\t\t\t\t\t\t\t\t<i class=\"icon icon-down-arrow1\"><\/i>                                    <\/div>\n\n                                    <div class=\"ekit_accordion_active_icon\">\n                                        <!-- Active Icon -->\n\t\t\t\t\t\t\t\t\t\t<i class=\"icon icon-up-arrow1\"><\/i>                                    <\/div>\n                                <\/div>\n\n                            \n                                                    <\/a>\n                    <\/div>\n\n                    <div id=\"Collapse-f32abd069ea53f7bd69a\" class=\"show collapse\" aria-labelledby=\"primaryHeading-0-223ed87a\" data-parent=\"#accordion-69ea53f7bd69a\">\n\n                        <div class=\"elementskit-card-body ekit-accordion--content\">\n                            <p>Star Coin Wash es una lavander\u00eda de autoservicio. Los clientes pueden lavar y secar su ropa utilizando nuestras modernas m\u00e1quinas de alta eficiencia a su propio ritmo.<\/p>                        <\/div>\n\n                    <\/div>\n\n                <\/div><!-- .elementskit-card END -->\n\n                \n                <div class=\"elementskit-card\">\n                    <div class=\"elementskit-card-header\" id=\"primaryHeading-1-223ed87a\">\n                        <a href=\"#collapse-531823069ea53f7bd69a\" class=\"ekit-accordion--toggler elementskit-btn-link collapsed\" data-ekit-toggle=\"collapse\" data-target=\"#Collapse-531823069ea53f7bd69a\" aria-expanded=\"false\" aria-controls=\"Collapse-531823069ea53f7bd69a\">\n                            \n                            <span class=\"ekit-accordion-title\">\u00bfEs la lavander\u00eda segura y est\u00e1 bien mantenida?<\/span>\n\n                            \n                                <div class=\"ekit_accordion_icon_group\">\n                                    <div class=\"ekit_accordion_normal_icon\">\n                                        <!-- Normal Icon -->\n\t\t\t\t\t\t\t\t\t\t<i class=\"icon icon-down-arrow1\"><\/i>                                    <\/div>\n\n                                    <div class=\"ekit_accordion_active_icon\">\n                                        <!-- Active Icon -->\n\t\t\t\t\t\t\t\t\t\t<i class=\"icon icon-up-arrow1\"><\/i>                                    <\/div>\n                                <\/div>\n\n                            \n                                                    <\/a>\n                    <\/div>\n\n                    <div id=\"Collapse-531823069ea53f7bd69a\" class=\"collapse\" aria-labelledby=\"primaryHeading-1-223ed87a\" data-parent=\"#accordion-69ea53f7bd69a\">\n\n                        <div class=\"elementskit-card-body ekit-accordion--content\">\n                            <p>S\u00ed. Nuestras instalaciones est\u00e1n bien iluminadas, monitoreadas por c\u00e1maras de seguridad y se limpian regularmente para proporcionar un ambiente c\u00f3modo y seguro.<\/p>                        <\/div>\n\n                    <\/div>\n\n                <\/div><!-- .elementskit-card END -->\n\n                \n                <div class=\"elementskit-card\">\n                    <div class=\"elementskit-card-header\" id=\"primaryHeading-2-223ed87a\">\n                        <a href=\"#collapse-0c6a7d869ea53f7bd69a\" class=\"ekit-accordion--toggler elementskit-btn-link collapsed\" data-ekit-toggle=\"collapse\" data-target=\"#Collapse-0c6a7d869ea53f7bd69a\" aria-expanded=\"false\" aria-controls=\"Collapse-0c6a7d869ea53f7bd69a\">\n                            \n                            <span class=\"ekit-accordion-title\">\u00bfQu\u00e9 debo hacer si necesito ayuda mientras uso una m\u00e1quina?<\/span>\n\n                            \n                                <div class=\"ekit_accordion_icon_group\">\n                                    <div class=\"ekit_accordion_normal_icon\">\n                                        <!-- Normal Icon -->\n\t\t\t\t\t\t\t\t\t\t<i class=\"icon icon-down-arrow1\"><\/i>                                    <\/div>\n\n                                    <div class=\"ekit_accordion_active_icon\">\n                                        <!-- Active Icon -->\n\t\t\t\t\t\t\t\t\t\t<i class=\"icon icon-up-arrow1\"><\/i>                                    <\/div>\n                                <\/div>\n\n                            \n                                                    <\/a>\n                    <\/div>\n\n                    <div id=\"Collapse-0c6a7d869ea53f7bd69a\" class=\"collapse\" aria-labelledby=\"primaryHeading-2-223ed87a\" data-parent=\"#accordion-69ea53f7bd69a\">\n\n                        <div class=\"elementskit-card-body ekit-accordion--content\">\n                            <p>Hay instrucciones claras publicadas en las m\u00e1quinas, y si experimenta alg\u00fan problema, por favor cont\u00e1ctenos utilizando la informaci\u00f3n proporcionada en el lugar o en nuestro sitio web.<\/p>                        <\/div>\n\n                    <\/div>\n\n                <\/div><!-- .elementskit-card END -->\n\n                                        <\/div>\n    <\/div>\t\t\t\t<\/div>\n\t\t\t\t<\/div>\n\t\t\t\t<\/div>\n\t\t\t\t<\/div>\n\t\t\t\t\t<\/div>\n\t\t\t\t<\/div>\n\t\t\t\t<\/div>","protected":false},"excerpt":{"rendered":"<p>Frequently Asked Questions Helpful Information for Your Visit FAQs Find quick answers to the most frequently asked questions about our self-service laundry facilities. Whether you\u2019re curious about our operating hours, available amenities, or how to get the most out of your visit, we\u2019ve got you covered. For more detailed information, check out the FAQs below. [&hellip;]<\/p>\n","protected":false},"author":1,"featured_media":0,"parent":0,"menu_order":0,"comment_status":"closed","ping_status":"closed","template":"elementor_header_footer","meta":{"footnotes":""},"class_list":["post-2295","page","type-page","status-publish","hentry"],"_links":{"self":[{"href":"https:\/\/starcoinwash.com\/es\/wp-json\/wp\/v2\/pages\/2295","targetHints":{"allow":["GET"]}}],"collection":[{"href":"https:\/\/starcoinwash.com\/es\/wp-json\/wp\/v2\/pages"}],"about":[{"href":"https:\/\/starcoinwash.com\/es\/wp-json\/wp\/v2\/types\/page"}],"author":[{"embeddable":true,"href":"https:\/\/starcoinwash.com\/es\/wp-json\/wp\/v2\/users\/1"}],"replies":[{"embeddable":true,"href":"https:\/\/starcoinwash.com\/es\/wp-json\/wp\/v2\/comments?post=2295"}],"version-history":[{"count":43,"href":"https:\/\/starcoinwash.com\/es\/wp-json\/wp\/v2\/pages\/2295\/revisions"}],"predecessor-version":[{"id":2821,"href":"https:\/\/starcoinwash.com\/es\/wp-json\/wp\/v2\/pages\/2295\/revisions\/2821"}],"wp:attachment":[{"href":"https:\/\/starcoinwash.com\/es\/wp-json\/wp\/v2\/media?parent=2295"}],"curies":[{"name":"wp","href":"https:\/\/api.w.org\/{rel}","templated":true}]}}